{"id":63,"date":"2021-06-01T14:40:26","date_gmt":"2021-06-01T12:40:26","guid":{"rendered":"https:\/\/site.testsida.dk\/?page_id=63"},"modified":"2024-02-13T06:01:08","modified_gmt":"2024-02-13T06:01:08","slug":"contact","status":"publish","type":"page","link":"https:\/\/gieser.se\/en\/contact\/","title":{"rendered":"Contact"},"content":{"rendered":"\t\t<div data-elementor-type=\"wp-page\" data-elementor-id=\"63\" class=\"elementor elementor-63\">\n\t\t\t\t\t\t<section class=\"elementor-section elementor-top-section elementor-element elementor-element-4d8d923 elementor-section-boxed elementor-section-height-default elementor-section-height-default\" data-id=\"4d8d923\" data-element_type=\"section\" data-e-type=\"section\">\n\t\t\t\t\t\t<div class=\"elementor-container elementor-column-gap-default\">\n\t\t\t\t\t<div class=\"elementor-column elementor-col-50 elementor-top-column elementor-element elementor-element-dc0095e\" data-id=\"dc0095e\" data-element_type=\"column\" data-e-type=\"column\">\n\t\t\t<div class=\"elementor-widget-wrap elementor-element-populated\">\n\t\t\t\t\t\t<div class=\"elementor-element elementor-element-563e225 elementor-widget elementor-widget-text-editor\" data-id=\"563e225\" data-element_type=\"widget\" data-e-type=\"widget\" data-widget_type=\"text-editor.default\">\n\t\t\t\t<div class=\"elementor-widget-container\">\n\t\t\t\t\t\t\t\t\t<h2>Connect<\/h2>\n<h3>SG Semantor<\/h3>\n<ul>\n<li>Suzanne Gieser<\/li>\n<li>004670-2361089<\/li>\n<li>email: <a href=\"mailto:sg@gieser.se\">sg@gieser.se<\/a><\/li>\n<\/ul>\n<h2>Find me<\/h2>\n<p>I have my clinic at H\u00e4lsans Hus (House of Health) in the City of Stockholm. Fj\u00e4llgatan 23 B, 116 28 Stockholm.<\/p>\n<p><strong>I also offer therapy and consultation online.<\/strong><\/p>\n<p><\/p>\n<p><!-- \/wp:paragraph --><!-- wp:heading --><\/p>\n<h2>Payment<\/h2>\n<p><!-- \/wp:heading --><!-- wp:paragraph --><\/p>\n<p>Appointments to my practice are payed by invoice or PayPal. Contact me for current prices.<\/p>\n<p><!-- \/wp:paragraph --><!-- wp:paragraph --><\/p>\n<p><\/p>\n<h2><img decoding=\"async\" src=\"http:\/\/www.gieser.se\/images\/kartan.gif\" alt=\"\">To get to H\u00e4lsans Hus<\/h2>\n<p><!-- \/wp:paragraph --><!-- wp:image --><\/p>\n<p><!-- \/wp:image --><!-- wp:heading --><\/p>\n<p><!-- \/wp:heading --><!-- wp:paragraph --><\/p>\n<p>you need to take the subway to Slussen (exit the main entrance: S\u00f6dermalmstorg). Thereafter you can either take a beautiful ten minute walk along Katarinav\u00e4gen with a view of the water on your left hand side or take buses 3 or 2 from Slussen to Tj\u00e4rhovsgatan (which is the second stop). Once you enter H\u00e4lsans Hus, go up the stairs to the first floor, my room is in the silent corridor to the right. If you come early, there is a waiting room.<\/p>\n<p><!-- \/wp:paragraph --><\/p>\t\t\t\t\t\t\t\t<\/div>\n\t\t\t\t<\/div>\n\t\t\t\t\t<\/div>\n\t\t<\/div>\n\t\t\t\t<div class=\"elementor-column elementor-col-50 elementor-top-column elementor-element elementor-element-696a9df\" data-id=\"696a9df\" data-element_type=\"column\" data-e-type=\"column\">\n\t\t\t<div class=\"elementor-widget-wrap elementor-element-populated\">\n\t\t\t\t\t\t<div class=\"elementor-element elementor-element-b577080 elementor-widget elementor-widget-html\" data-id=\"b577080\" data-element_type=\"widget\" data-e-type=\"widget\" data-widget_type=\"html.default\">\n\t\t\t\t<div class=\"elementor-widget-container\">\n\t\t\t\t\t<iframe src=\"https:\/\/www.google.com\/maps\/embed?pb=!1m18!1m12!1m3!1d2035.9208763935374!2d18.08182811607185!3d59.317578181654774!2m3!1f0!2f0!3f0!3m2!1i1024!2i768!4f13.1!3m3!1m2!1s0x465f77f938727301%3A0x55fcd56a0bd15145!2sH%C3%A4lsans%20Hus!5e0!3m2!1ssv!2sse!4v1623241024079!5m2!1ssv!2sse\" width=\"600\" height=\"450\" style=\"border:0;\" allowfullscreen=\"\" loading=\"lazy\"><\/iframe>\t\t\t\t<\/div>\n\t\t\t\t<\/div>\n\t\t\t\t\t<\/div>\n\t\t<\/div>\n\t\t\t\t\t<\/div>\n\t\t<\/section>\n\t\t\t\t<\/div>\n\t\t","protected":false},"excerpt":{"rendered":"<p>Connect SG Semantor Suzanne Gieser 004670-2361089 email: sg@gieser.se Find me I have my clinic at H\u00e4lsans Hus (House of Health) &#8230; <\/p>\n<p class=\"read-more-container\"><a title=\"Contact\" class=\"read-more button\" href=\"https:\/\/gieser.se\/en\/contact\/#more-63\" aria-label=\"Read more about Contact\">Read more<\/a><\/p>\n","protected":false},"author":2,"featured_media":0,"parent":0,"menu_order":0,"comment_status":"closed","ping_status":"closed","template":"","meta":{"footnotes":""},"class_list":{"0":"post-63","1":"page","2":"type-page","3":"status-publish","5":"infinite-scroll-item","6":"no-featured-image-padding"},"yoast_head":"<!-- This site is optimized with the Yoast SEO plugin v27.3 - https:\/\/yoast.com\/product\/yoast-seo-wordpress\/ -->\n<title>Contact - SG Semantor<\/title>\n<meta name=\"robots\" content=\"index, follow, max-snippet:-1, max-image-preview:large, max-video-preview:-1\" \/>\n<link rel=\"canonical\" href=\"https:\/\/gieser.se\/en\/contact\/\" \/>\n<meta property=\"og:locale\" content=\"en_US\" \/>\n<meta property=\"og:type\" content=\"article\" \/>\n<meta property=\"og:title\" content=\"Contact - SG Semantor\" \/>\n<meta property=\"og:description\" content=\"Connect SG Semantor Suzanne Gieser 004670-2361089 email: sg@gieser.se Find me I have my clinic at H\u00e4lsans Hus (House of Health) ... Read more\" \/>\n<meta property=\"og:url\" content=\"https:\/\/gieser.se\/en\/contact\/\" \/>\n<meta property=\"og:site_name\" content=\"SG Semantor\" \/>\n<meta property=\"article:modified_time\" content=\"2024-02-13T06:01:08+00:00\" \/>\n<meta property=\"og:image\" content=\"http:\/\/www.gieser.se\/images\/kartan.gif\" \/>\n<meta name=\"twitter:card\" content=\"summary_large_image\" \/>\n<meta name=\"twitter:label1\" content=\"Est. reading time\" \/>\n\t<meta name=\"twitter:data1\" content=\"1 minute\" \/>\n<script type=\"application\/ld+json\" class=\"yoast-schema-graph\">{\"@context\":\"https:\\\/\\\/schema.org\",\"@graph\":[{\"@type\":\"WebPage\",\"@id\":\"https:\\\/\\\/gieser.se\\\/en\\\/contact\\\/\",\"url\":\"https:\\\/\\\/gieser.se\\\/en\\\/contact\\\/\",\"name\":\"Contact - SG Semantor\",\"isPartOf\":{\"@id\":\"https:\\\/\\\/gieser.se\\\/#website\"},\"primaryImageOfPage\":{\"@id\":\"https:\\\/\\\/gieser.se\\\/en\\\/contact\\\/#primaryimage\"},\"image\":{\"@id\":\"https:\\\/\\\/gieser.se\\\/en\\\/contact\\\/#primaryimage\"},\"thumbnailUrl\":\"http:\\\/\\\/www.gieser.se\\\/images\\\/kartan.gif\",\"datePublished\":\"2021-06-01T12:40:26+00:00\",\"dateModified\":\"2024-02-13T06:01:08+00:00\",\"breadcrumb\":{\"@id\":\"https:\\\/\\\/gieser.se\\\/en\\\/contact\\\/#breadcrumb\"},\"inLanguage\":\"en-US\",\"potentialAction\":[{\"@type\":\"ReadAction\",\"target\":[\"https:\\\/\\\/gieser.se\\\/en\\\/contact\\\/\"]}]},{\"@type\":\"ImageObject\",\"inLanguage\":\"en-US\",\"@id\":\"https:\\\/\\\/gieser.se\\\/en\\\/contact\\\/#primaryimage\",\"url\":\"http:\\\/\\\/www.gieser.se\\\/images\\\/kartan.gif\",\"contentUrl\":\"http:\\\/\\\/www.gieser.se\\\/images\\\/kartan.gif\"},{\"@type\":\"BreadcrumbList\",\"@id\":\"https:\\\/\\\/gieser.se\\\/en\\\/contact\\\/#breadcrumb\",\"itemListElement\":[{\"@type\":\"ListItem\",\"position\":1,\"name\":\"Hem\",\"item\":\"https:\\\/\\\/gieser.se\\\/en\\\/home\\\/\"},{\"@type\":\"ListItem\",\"position\":2,\"name\":\"Contact\"}]},{\"@type\":\"WebSite\",\"@id\":\"https:\\\/\\\/gieser.se\\\/#website\",\"url\":\"https:\\\/\\\/gieser.se\\\/\",\"name\":\"SG Semantor\",\"description\":\"\",\"publisher\":{\"@id\":\"https:\\\/\\\/gieser.se\\\/#organization\"},\"potentialAction\":[{\"@type\":\"SearchAction\",\"target\":{\"@type\":\"EntryPoint\",\"urlTemplate\":\"https:\\\/\\\/gieser.se\\\/?s={search_term_string}\"},\"query-input\":{\"@type\":\"PropertyValueSpecification\",\"valueRequired\":true,\"valueName\":\"search_term_string\"}}],\"inLanguage\":\"en-US\"},{\"@type\":\"Organization\",\"@id\":\"https:\\\/\\\/gieser.se\\\/#organization\",\"name\":\"SG Semantor\",\"url\":\"https:\\\/\\\/gieser.se\\\/\",\"logo\":{\"@type\":\"ImageObject\",\"inLanguage\":\"en-US\",\"@id\":\"https:\\\/\\\/gieser.se\\\/#\\\/schema\\\/logo\\\/image\\\/\",\"url\":\"https:\\\/\\\/gieser.se\\\/wp-content\\\/uploads\\\/2021\\\/06\\\/semantor.gif\",\"contentUrl\":\"https:\\\/\\\/gieser.se\\\/wp-content\\\/uploads\\\/2021\\\/06\\\/semantor.gif\",\"width\":149,\"height\":112,\"caption\":\"SG Semantor\"},\"image\":{\"@id\":\"https:\\\/\\\/gieser.se\\\/#\\\/schema\\\/logo\\\/image\\\/\"}}]}<\/script>\n<!-- \/ Yoast SEO plugin. -->","yoast_head_json":{"title":"Contact - SG Semantor","robots":{"index":"index","follow":"follow","max-snippet":"max-snippet:-1","max-image-preview":"max-image-preview:large","max-video-preview":"max-video-preview:-1"},"canonical":"https:\/\/gieser.se\/en\/contact\/","og_locale":"en_US","og_type":"article","og_title":"Contact - SG Semantor","og_description":"Connect SG Semantor Suzanne Gieser 004670-2361089 email: sg@gieser.se Find me I have my clinic at H\u00e4lsans Hus (House of Health) ... Read more","og_url":"https:\/\/gieser.se\/en\/contact\/","og_site_name":"SG Semantor","article_modified_time":"2024-02-13T06:01:08+00:00","og_image":[{"url":"http:\/\/www.gieser.se\/images\/kartan.gif","type":"","width":"","height":""}],"twitter_card":"summary_large_image","twitter_misc":{"Est. reading time":"1 minute"},"schema":{"@context":"https:\/\/schema.org","@graph":[{"@type":"WebPage","@id":"https:\/\/gieser.se\/en\/contact\/","url":"https:\/\/gieser.se\/en\/contact\/","name":"Contact - SG Semantor","isPartOf":{"@id":"https:\/\/gieser.se\/#website"},"primaryImageOfPage":{"@id":"https:\/\/gieser.se\/en\/contact\/#primaryimage"},"image":{"@id":"https:\/\/gieser.se\/en\/contact\/#primaryimage"},"thumbnailUrl":"http:\/\/www.gieser.se\/images\/kartan.gif","datePublished":"2021-06-01T12:40:26+00:00","dateModified":"2024-02-13T06:01:08+00:00","breadcrumb":{"@id":"https:\/\/gieser.se\/en\/contact\/#breadcrumb"},"inLanguage":"en-US","potentialAction":[{"@type":"ReadAction","target":["https:\/\/gieser.se\/en\/contact\/"]}]},{"@type":"ImageObject","inLanguage":"en-US","@id":"https:\/\/gieser.se\/en\/contact\/#primaryimage","url":"http:\/\/www.gieser.se\/images\/kartan.gif","contentUrl":"http:\/\/www.gieser.se\/images\/kartan.gif"},{"@type":"BreadcrumbList","@id":"https:\/\/gieser.se\/en\/contact\/#breadcrumb","itemListElement":[{"@type":"ListItem","position":1,"name":"Hem","item":"https:\/\/gieser.se\/en\/home\/"},{"@type":"ListItem","position":2,"name":"Contact"}]},{"@type":"WebSite","@id":"https:\/\/gieser.se\/#website","url":"https:\/\/gieser.se\/","name":"SG Semantor","description":"","publisher":{"@id":"https:\/\/gieser.se\/#organization"},"potentialAction":[{"@type":"SearchAction","target":{"@type":"EntryPoint","urlTemplate":"https:\/\/gieser.se\/?s={search_term_string}"},"query-input":{"@type":"PropertyValueSpecification","valueRequired":true,"valueName":"search_term_string"}}],"inLanguage":"en-US"},{"@type":"Organization","@id":"https:\/\/gieser.se\/#organization","name":"SG Semantor","url":"https:\/\/gieser.se\/","logo":{"@type":"ImageObject","inLanguage":"en-US","@id":"https:\/\/gieser.se\/#\/schema\/logo\/image\/","url":"https:\/\/gieser.se\/wp-content\/uploads\/2021\/06\/semantor.gif","contentUrl":"https:\/\/gieser.se\/wp-content\/uploads\/2021\/06\/semantor.gif","width":149,"height":112,"caption":"SG Semantor"},"image":{"@id":"https:\/\/gieser.se\/#\/schema\/logo\/image\/"}}]}},"_links":{"self":[{"href":"https:\/\/gieser.se\/en\/wp-json\/wp\/v2\/pages\/63","targetHints":{"allow":["GET"]}}],"collection":[{"href":"https:\/\/gieser.se\/en\/wp-json\/wp\/v2\/pages"}],"about":[{"href":"https:\/\/gieser.se\/en\/wp-json\/wp\/v2\/types\/page"}],"author":[{"embeddable":true,"href":"https:\/\/gieser.se\/en\/wp-json\/wp\/v2\/users\/2"}],"replies":[{"embeddable":true,"href":"https:\/\/gieser.se\/en\/wp-json\/wp\/v2\/comments?post=63"}],"version-history":[{"count":10,"href":"https:\/\/gieser.se\/en\/wp-json\/wp\/v2\/pages\/63\/revisions"}],"predecessor-version":[{"id":889,"href":"https:\/\/gieser.se\/en\/wp-json\/wp\/v2\/pages\/63\/revisions\/889"}],"wp:attachment":[{"href":"https:\/\/gieser.se\/en\/wp-json\/wp\/v2\/media?parent=63"}],"curies":[{"name":"wp","href":"https:\/\/api.w.org\/{rel}","templated":true}]}}